{"id":25,"date":"2024-08-26T16:36:51","date_gmt":"2024-08-26T14:36:51","guid":{"rendered":"https:\/\/www.intertras.nl\/?page_id=25"},"modified":"2025-03-26T11:08:50","modified_gmt":"2025-03-26T10:08:50","slug":"afspraak-maken","status":"publish","type":"page","link":"https:\/\/www.intertras.nl\/de\/afspraak-maken\/","title":{"rendered":"Einen Termin vereinbaren"},"content":{"rendered":"<div data-elementor-type=\"wp-page\" data-elementor-id=\"25\" class=\"elementor elementor-25\" data-elementor-post-type=\"page\">\n\t\t\t\t<div class=\"elementor-element elementor-element-b8f200b e-flex e-con-boxed e-con e-parent\" data-id=\"b8f200b\" data-element_type=\"container\" data-settings=\"{&quot;background_background&quot;:&quot;classic&quot;,&quot;jet_parallax_layout_list&quot;:[]}\">\n\t\t\t\t\t<div class=\"e-con-inner\">\n\t\t<div class=\"elementor-element elementor-element-16f3414 e-con-full e-flex e-con e-child\" data-id=\"16f3414\" data-element_type=\"container\" data-settings=\"{&quot;jet_parallax_layout_list&quot;:[]}\">\n\t\t<div class=\"elementor-element elementor-element-3282efc e-con-full e-flex e-con e-child\" data-id=\"3282efc\" data-element_type=\"container\" data-settings=\"{&quot;jet_parallax_layout_list&quot;:[]}\">\n\t\t\t\t<div class=\"elementor-element elementor-element-a1291b0 elementor-widget elementor-widget-heading\" data-id=\"a1291b0\" data-element_type=\"widget\" data-widget_type=\"heading.default\">\n\t\t\t\t<div class=\"elementor-widget-container\">\n\t\t\t\t\t<h1 class=\"elementor-heading-title elementor-size-default\">Einen Termin vereinbaren<\/h1>\t\t\t\t<\/div>\n\t\t\t\t<\/div>\n\t\t\t\t<div class=\"elementor-element elementor-element-ae548a7 elementor-widget elementor-widget-heading\" data-id=\"ae548a7\" data-element_type=\"widget\" data-widget_type=\"heading.default\">\n\t\t\t\t<div class=\"elementor-widget-container\">\n\t\t\t\t\t<h2 class=\"elementor-heading-title elementor-size-default\">Erhalten Sie unverbindliche Informationen und Beratung<\/h2>\t\t\t\t<\/div>\n\t\t\t\t<\/div>\n\t\t\t\t<\/div>\n\t\t\t\t<\/div>\n\t\t\t\t\t<\/div>\n\t\t\t\t<\/div>\n\t\t<div class=\"elementor-element elementor-element-5d2d0fa e-flex e-con-boxed e-con e-parent\" data-id=\"5d2d0fa\" data-element_type=\"container\" data-settings=\"{&quot;jet_parallax_layout_list&quot;:[]}\">\n\t\t\t\t\t<div class=\"e-con-inner\">\n\t\t\t\t<div class=\"elementor-element elementor-element-a79583b elementor-widget elementor-widget-breadcrumbs\" data-id=\"a79583b\" data-element_type=\"widget\" data-widget_type=\"breadcrumbs.default\">\n\t\t\t\t<div class=\"elementor-widget-container\">\n\t\t\t\t\t<p id=\"breadcrumbs\"><span><span><a href=\"https:\/\/www.intertras.nl\/de\/\">Startseite<\/a><\/span><\/span><\/p>\t\t\t\t<\/div>\n\t\t\t\t<\/div>\n\t\t\t\t\t<\/div>\n\t\t\t\t<\/div>\n\t\t<div class=\"elementor-element elementor-element-26c3260 e-flex e-con-boxed e-con e-parent\" data-id=\"26c3260\" data-element_type=\"container\" data-settings=\"{&quot;jet_parallax_layout_list&quot;:[]}\">\n\t\t\t\t\t<div class=\"e-con-inner\">\n\t\t<div class=\"elementor-element elementor-element-755d1da e-con-full e-flex e-con e-child\" data-id=\"755d1da\" data-element_type=\"container\" data-settings=\"{&quot;jet_parallax_layout_list&quot;:[]}\">\n\t\t<div class=\"elementor-element elementor-element-042ef2a e-con-full e-flex e-con e-child\" data-id=\"042ef2a\" data-element_type=\"container\" data-settings=\"{&quot;jet_parallax_layout_list&quot;:[]}\">\n\t\t\t\t<div class=\"elementor-element elementor-element-e457052 elementor-widget elementor-widget-heading\" data-id=\"e457052\" data-element_type=\"widget\" data-widget_type=\"heading.default\">\n\t\t\t\t<div class=\"elementor-widget-container\">\n\t\t\t\t\t<h2 class=\"elementor-heading-title elementor-size-default\">Wir sind gerne behilflich<\/h2>\t\t\t\t<\/div>\n\t\t\t\t<\/div>\n\t\t\t\t<div class=\"elementor-element elementor-element-4a62755 elementor-widget elementor-widget-text-editor\" data-id=\"4a62755\" data-element_type=\"widget\" data-widget_type=\"text-editor.default\">\n\t\t\t\t<div class=\"elementor-widget-container\">\n\t\t\t\t\t\t\t\t\t<p>Nach dem Ausf\u00fcllen des Formulars werden wir uns so schnell wie m\u00f6glich (sp\u00e4testens jedoch innerhalb von 3 Werktagen) mit Ihnen in Verbindung setzen.\u00a0<\/p><p>Haben Sie dringende Fragen? Dann kontaktieren Sie uns direkt, wir helfen Ihnen gerne weiter!<\/p>\t\t\t\t\t\t\t\t<\/div>\n\t\t\t\t<\/div>\n\t\t\t\t<div class=\"elementor-element elementor-element-c228889 elementor-align-left elementor-icon-list--layout-traditional elementor-list-item-link-full_width elementor-widget elementor-widget-icon-list\" data-id=\"c228889\" data-element_type=\"widget\" data-widget_type=\"icon-list.default\">\n\t\t\t\t<div class=\"elementor-widget-container\">\n\t\t\t\t\t\t\t<ul class=\"elementor-icon-list-items\">\n\t\t\t\t\t\t\t<li class=\"elementor-icon-list-item\">\n\t\t\t\t\t\t\t\t\t\t\t<span class=\"elementor-icon-list-icon\">\n\t\t\t\t\t\t\t<i aria-hidden=\"true\" class=\"fas fa-check-circle\"><\/i>\t\t\t\t\t\t<\/span>\n\t\t\t\t\t\t\t\t\t\t<span class=\"elementor-icon-list-text\">Unverbindlicher Termin vor Ort<\/span>\n\t\t\t\t\t\t\t\t\t<\/li>\n\t\t\t\t\t\t\t\t<li class=\"elementor-icon-list-item\">\n\t\t\t\t\t\t\t\t\t\t\t<span class=\"elementor-icon-list-icon\">\n\t\t\t\t\t\t\t<i aria-hidden=\"true\" class=\"fas fa-check-circle\"><\/i>\t\t\t\t\t\t<\/span>\n\t\t\t\t\t\t\t\t\t\t<span class=\"elementor-icon-list-text\">Beratung und Information \u00fcber unsere Produkte<\/span>\n\t\t\t\t\t\t\t\t\t<\/li>\n\t\t\t\t\t\t\t\t<li class=\"elementor-icon-list-item\">\n\t\t\t\t\t\t\t\t\t\t\t<span class=\"elementor-icon-list-icon\">\n\t\t\t\t\t\t\t<i aria-hidden=\"true\" class=\"fas fa-check-circle\"><\/i>\t\t\t\t\t\t<\/span>\n\t\t\t\t\t\t\t\t\t\t<span class=\"elementor-icon-list-text\">M\u00f6chten Sie eine F\u00fchrung durch unser Werk?  Wir w\u00fcrden Ihnen gerne zeigen, worauf wir so stolz sind. Vereinbaren Sie einfach einen Termin, der Kaffee ist fertig!<\/span>\n\t\t\t\t\t\t\t\t\t<\/li>\n\t\t\t\t\t\t<\/ul>\n\t\t\t\t\t\t<\/div>\n\t\t\t\t<\/div>\n\t\t\t\t<\/div>\n\t\t<div class=\"elementor-element elementor-element-afdf140 e-con-full e-flex e-con e-child\" data-id=\"afdf140\" data-element_type=\"container\" data-settings=\"{&quot;jet_parallax_layout_list&quot;:[]}\">\n\t\t\t\t<div class=\"elementor-element elementor-element-f7c8182 elementor-widget elementor-widget-heading\" data-id=\"f7c8182\" data-element_type=\"widget\" data-widget_type=\"heading.default\">\n\t\t\t\t<div class=\"elementor-widget-container\">\n\t\t\t\t\t<h3 class=\"elementor-heading-title elementor-size-default\">Unsere Kontaktinformationen<\/h3>\t\t\t\t<\/div>\n\t\t\t\t<\/div>\n\t\t\t\t<div class=\"elementor-element elementor-element-756ad9d elementor-align-left elementor-icon-list--layout-traditional elementor-list-item-link-full_width elementor-widget elementor-widget-icon-list\" data-id=\"756ad9d\" data-element_type=\"widget\" data-widget_type=\"icon-list.default\">\n\t\t\t\t<div class=\"elementor-widget-container\">\n\t\t\t\t\t\t\t<ul class=\"elementor-icon-list-items\">\n\t\t\t\t\t\t\t<li class=\"elementor-icon-list-item\">\n\t\t\t\t\t\t\t\t\t\t\t<a href=\"tel:0598631819\">\n\n\t\t\t\t\t\t\t\t\t\t\t\t<span class=\"elementor-icon-list-icon\">\n\t\t\t\t\t\t\t<i aria-hidden=\"true\" class=\"fas fa-phone-alt\"><\/i>\t\t\t\t\t\t<\/span>\n\t\t\t\t\t\t\t\t\t\t<span class=\"elementor-icon-list-text\">0598 63 18 19<\/span>\n\t\t\t\t\t\t\t\t\t\t\t<\/a>\n\t\t\t\t\t\t\t\t\t<\/li>\n\t\t\t\t\t\t\t\t<li class=\"elementor-icon-list-item\">\n\t\t\t\t\t\t\t\t\t\t\t<a href=\"https:\/\/wa.me\/31611755130\" target=\"_blank\">\n\n\t\t\t\t\t\t\t\t\t\t\t\t<span class=\"elementor-icon-list-icon\">\n\t\t\t\t\t\t\t<i aria-hidden=\"true\" class=\"fab fa-whatsapp\"><\/i>\t\t\t\t\t\t<\/span>\n\t\t\t\t\t\t\t\t\t\t<span class=\"elementor-icon-list-text\">06 1175 5130<\/span>\n\t\t\t\t\t\t\t\t\t\t\t<\/a>\n\t\t\t\t\t\t\t\t\t<\/li>\n\t\t\t\t\t\t\t\t<li class=\"elementor-icon-list-item\">\n\t\t\t\t\t\t\t\t\t\t\t<a href=\"mailto:info@intertras.nl\">\n\n\t\t\t\t\t\t\t\t\t\t\t\t<span class=\"elementor-icon-list-icon\">\n\t\t\t\t\t\t\t<i aria-hidden=\"true\" class=\"fas fa-paper-plane\"><\/i>\t\t\t\t\t\t<\/span>\n\t\t\t\t\t\t\t\t\t\t<span class=\"elementor-icon-list-text\">info@intertras.nl<\/span>\n\t\t\t\t\t\t\t\t\t\t\t<\/a>\n\t\t\t\t\t\t\t\t\t<\/li>\n\t\t\t\t\t\t\t\t<li class=\"elementor-icon-list-item\">\n\t\t\t\t\t\t\t\t\t\t\t<span class=\"elementor-icon-list-icon\">\n\t\t\t\t\t\t\t<i aria-hidden=\"true\" class=\"fas fa-map-marker-alt\"><\/i>\t\t\t\t\t\t<\/span>\n\t\t\t\t\t\t\t\t\t\t<span class=\"elementor-icon-list-text\">Orionweg 11<br>9641 MN Veendam<br>Niederlande<\/span>\n\t\t\t\t\t\t\t\t\t<\/li>\n\t\t\t\t\t\t<\/ul>\n\t\t\t\t\t\t<\/div>\n\t\t\t\t<\/div>\n\t\t\t\t<\/div>\n\t\t\t\t<div class=\"elementor-element elementor-element-98626dd elementor-widget elementor-widget-image\" data-id=\"98626dd\" data-element_type=\"widget\" data-widget_type=\"image.default\">\n\t\t\t\t<div class=\"elementor-widget-container\">\n\t\t\t\t\t\t\t\t\t\t\t\t\t\t\t<img fetchpriority=\"high\" decoding=\"async\" width=\"406\" height=\"590\" src=\"https:\/\/www.intertras.nl\/wp-content\/uploads\/2024\/08\/Intertras-1.png\" class=\"attachment-large size-large wp-image-163\" alt=\"\" srcset=\"https:\/\/www.intertras.nl\/wp-content\/uploads\/2024\/08\/Intertras-1.png 406w, https:\/\/www.intertras.nl\/wp-content\/uploads\/2024\/08\/Intertras-1-206x300.png 206w\" sizes=\"(max-width: 406px) 100vw, 406px\" \/>\t\t\t\t\t\t\t\t\t\t\t\t\t\t\t<\/div>\n\t\t\t\t<\/div>\n\t\t\t\t<\/div>\n\t\t<div class=\"elementor-element elementor-element-d56c119 e-con-full e-flex e-con e-child\" data-id=\"d56c119\" data-element_type=\"container\" data-settings=\"{&quot;background_background&quot;:&quot;classic&quot;,&quot;jet_parallax_layout_list&quot;:[]}\">\n\t\t\t\t<div class=\"elementor-element elementor-element-fe845b6 elementor-widget elementor-widget-heading\" data-id=\"fe845b6\" data-element_type=\"widget\" data-widget_type=\"heading.default\">\n\t\t\t\t<div class=\"elementor-widget-container\">\n\t\t\t\t\t<h3 class=\"elementor-heading-title elementor-size-default\">Ihre Daten<\/h3>\t\t\t\t<\/div>\n\t\t\t\t<\/div>\n\t\t\t\t<div class=\"elementor-element elementor-element-ef25f78 elementor-button-align-start elementor-widget elementor-widget-form\" data-id=\"ef25f78\" data-element_type=\"widget\" data-settings=\"{&quot;step_next_label&quot;:&quot;Volgende&quot;,&quot;step_previous_label&quot;:&quot;Vorige&quot;,&quot;button_width&quot;:&quot;100&quot;,&quot;step_type&quot;:&quot;number_text&quot;,&quot;step_icon_shape&quot;:&quot;circle&quot;}\" data-widget_type=\"form.default\">\n\t\t\t\t<div class=\"elementor-widget-container\">\n\t\t\t\t\t\t\t<form class=\"elementor-form\" method=\"post\" name=\"Afspraak\" action=\"\">\n\t\t\t<input type=\"hidden\" name=\"post_id\" value=\"25\"\/>\n\t\t\t<input type=\"hidden\" name=\"form_id\" value=\"ef25f78\"\/>\n\t\t\t<input type=\"hidden\" name=\"referer_title\" value=\"Intertras\" \/>\n\n\t\t\t\n\t\t\t<div class=\"elementor-form-fields-wrapper elementor-labels-\">\n\t\t\t\t\t\t\t\t<div class=\"elementor-field-type-text elementor-field-group elementor-column elementor-field-group-field_dec520c elementor-col-100\">\n\t\t\t\t\t\t\t\t\t\t\t\t<label for=\"form-field-field_dec520c\" class=\"elementor-field-label elementor-screen-only\">\n\t\t\t\t\t\t\t\tName des Unternehmens\t\t\t\t\t\t\t<\/label>\n\t\t\t\t\t\t\t\t\t\t\t\t\t\t<input size=\"1\" type=\"text\" name=\"form_fields[field_dec520c]\" id=\"form-field-field_dec520c\" class=\"elementor-field elementor-size-sm  elementor-field-textual\" placeholder=\"Name des Unternehmens\">\n\t\t\t\t\t\t\t\t\t\t\t<\/div>\n\t\t\t\t\t\t\t\t<div class=\"elementor-field-type-text elementor-field-group elementor-column elementor-field-group-name elementor-col-100\">\n\t\t\t\t\t\t\t\t\t\t\t\t<label for=\"form-field-name\" class=\"elementor-field-label elementor-screen-only\">\n\t\t\t\t\t\t\t\tName\t\t\t\t\t\t\t<\/label>\n\t\t\t\t\t\t\t\t\t\t\t\t\t\t<input size=\"1\" type=\"text\" name=\"form_fields[name]\" id=\"form-field-name\" class=\"elementor-field elementor-size-sm  elementor-field-textual\" placeholder=\"Name\">\n\t\t\t\t\t\t\t\t\t\t\t<\/div>\n\t\t\t\t\t\t\t\t<div class=\"elementor-field-type-email elementor-field-group elementor-column elementor-field-group-email elementor-col-100 elementor-field-required\">\n\t\t\t\t\t\t\t\t\t\t\t\t<label for=\"form-field-email\" class=\"elementor-field-label elementor-screen-only\">\n\t\t\t\t\t\t\t\tE-Mail\t\t\t\t\t\t\t<\/label>\n\t\t\t\t\t\t\t\t\t\t\t\t\t\t<input size=\"1\" type=\"email\" name=\"form_fields[email]\" id=\"form-field-email\" class=\"elementor-field elementor-size-sm  elementor-field-textual\" placeholder=\"E-Mail\" required=\"required\">\n\t\t\t\t\t\t\t\t\t\t\t<\/div>\n\t\t\t\t\t\t\t\t<div class=\"elementor-field-type-tel elementor-field-group elementor-column elementor-field-group-field_824ce34 elementor-col-100\">\n\t\t\t\t\t\t\t\t\t\t\t\t<label for=\"form-field-field_824ce34\" class=\"elementor-field-label elementor-screen-only\">\n\t\t\t\t\t\t\t\tRufnummer\t\t\t\t\t\t\t<\/label>\n\t\t\t\t\t\t\t\t<input size=\"1\" type=\"tel\" name=\"form_fields[field_824ce34]\" id=\"form-field-field_824ce34\" class=\"elementor-field elementor-size-sm  elementor-field-textual\" placeholder=\"Rufnummer\" pattern=\"[0-9()#&amp;+*-=.]+\" title=\"Es werden nur Nummern oder Telefon-Zeichen (#, -, *, etc) akzeptiert.\">\n\n\t\t\t\t\t\t<\/div>\n\t\t\t\t\t\t\t\t<div class=\"elementor-field-type-textarea elementor-field-group elementor-column elementor-field-group-field_59d2c2a elementor-col-100\">\n\t\t\t\t\t\t\t\t\t\t\t\t<label for=\"form-field-field_59d2c2a\" class=\"elementor-field-label elementor-screen-only\">\n\t\t\t\t\t\t\t\tDer Grund f\u00fcr meine Ernennung\t\t\t\t\t\t\t<\/label>\n\t\t\t\t\t\t<textarea class=\"elementor-field-textual elementor-field  elementor-size-sm\" name=\"form_fields[field_59d2c2a]\" id=\"form-field-field_59d2c2a\" rows=\"9\" placeholder=\"Der Grund f\u00fcr meine Ernennung\"><\/textarea>\t\t\t\t<\/div>\n\t\t\t\t\t\t\t\t<div class=\"elementor-field-type-recaptcha_v3 elementor-field-group elementor-column elementor-field-group-field_d83215f elementor-col-100 recaptcha_v3-bottomleft\">\n\t\t\t\t\t<div class=\"elementor-field\" id=\"form-field-field_d83215f\"><div class=\"elementor-g-recaptcha\" data-sitekey=\"6LeKiV4qAAAAAMwlvzuz82-iuVWpBdQfdTi4Lq4W\" data-type=\"v3\" data-action=\"Form\" data-badge=\"bottomleft\" data-size=\"invisible\"><\/div><\/div>\t\t\t\t<\/div>\n\t\t\t\t\t\t\t\t<div class=\"elementor-field-group elementor-column elementor-field-type-submit elementor-col-100 e-form__buttons\">\n\t\t\t\t\t<button class=\"elementor-button elementor-size-sm\" type=\"submit\">\n\t\t\t\t\t\t<span class=\"elementor-button-content-wrapper\">\n\t\t\t\t\t\t\t\t\t\t\t\t\t\t\t<span class=\"elementor-button-icon\">\n\t\t\t\t\t\t\t\t\t<i aria-hidden=\"true\" class=\"fas fa-arrow-right\"><\/i>\t\t\t\t\t\t\t\t\t\t\t\t\t\t\t\t\t<\/span>\n\t\t\t\t\t\t\t\t\t\t\t\t\t\t\t\t\t\t\t\t\t\t<span class=\"elementor-button-text\">Nachricht senden<\/span>\n\t\t\t\t\t\t\t\t\t\t\t\t\t<\/span>\n\t\t\t\t\t<\/button>\n\t\t\t\t<\/div>\n\t\t\t<\/div>\n\t\t<input type=\"hidden\" name=\"trp-form-language\" value=\"de\"\/><\/form>\n\t\t\t\t\t\t<\/div>\n\t\t\t\t<\/div>\n\t\t\t\t<\/div>\n\t\t\t\t\t<\/div>\n\t\t\t\t<\/div>\n\t\t\t\t<\/div>","protected":false},"excerpt":{"rendered":"<p>Vereinbaren Sie einen Termin Erhalten Sie unverbindliche Informationen und Beratung Wir helfen Ihnen gerne Nach dem Ausf\u00fcllen des Formulars nehmen wir [...]<\/p>","protected":false},"author":1,"featured_media":0,"parent":0,"menu_order":0,"comment_status":"closed","ping_status":"closed","template":"","meta":{"site-sidebar-layout":"no-sidebar","site-content-layout":"","ast-site-content-layout":"full-width-container","site-content-style":"default","site-sidebar-style":"default","ast-global-header-display":"","ast-banner-title-visibility":"","ast-main-header-display":"","ast-hfb-above-header-display":"","ast-hfb-below-header-display":"","ast-hfb-mobile-header-display":"","site-post-title":"disabled","ast-breadcrumbs-content":"","ast-featured-img":"disabled","footer-sml-layout":"","theme-transparent-header-meta":"default","adv-header-id-meta":"","stick-header-meta":"","header-above-stick-meta":"","header-main-stick-meta":"","header-below-stick-meta":"","astra-migrate-meta-layouts":"set","ast-page-background-enabled":"default","ast-page-background-meta":{"desktop":{"background-color":"var(--ast-global-color-4)","background-image":"","background-repeat":"repeat","background-position":"center center","background-size":"auto","background-attachment":"scroll","background-type":"","background-media":"","overlay-type":"","overlay-color":"","overlay-opacity":"","overlay-gradient":""},"tablet":{"background-color":"","background-image":"","background-repeat":"repeat","background-position":"center center","background-size":"auto","background-attachment":"scroll","background-type":"","background-media":"","overlay-type":"","overlay-color":"","overlay-opacity":"","overlay-gradient":""},"mobile":{"background-color":"","background-image":"","background-repeat":"repeat","background-position":"center center","background-size":"auto","background-attachment":"scroll","background-type":"","background-media":"","overlay-type":"","overlay-color":"","overlay-opacity":"","overlay-gradient":""}},"ast-content-background-meta":{"desktop":{"background-color":"var(--ast-global-color-5)","background-image":"","background-repeat":"repeat","background-position":"center center","background-size":"auto","background-attachment":"scroll","background-type":"","background-media":"","overlay-type":"","overlay-color":"","overlay-opacity":"","overlay-gradient":""},"tablet":{"background-color":"var(--ast-global-color-5)","background-image":"","background-repeat":"repeat","background-position":"center center","background-size":"auto","background-attachment":"scroll","background-type":"","background-media":"","overlay-type":"","overlay-color":"","overlay-opacity":"","overlay-gradient":""},"mobile":{"background-color":"var(--ast-global-color-5)","background-image":"","background-repeat":"repeat","background-position":"center center","background-size":"auto","background-attachment":"scroll","background-type":"","background-media":"","overlay-type":"","overlay-color":"","overlay-opacity":"","overlay-gradient":""}},"footnotes":""},"class_list":["post-25","page","type-page","status-publish","hentry"],"yoast_head":"<!-- This site is optimized with the Yoast SEO plugin v25.2 - https:\/\/yoast.com\/wordpress\/plugins\/seo\/ -->\n<title>Afspraak maken - Intertras<\/title>\n<meta name=\"description\" content=\"Plan een afspraak voor een nadere kennismaking. We geven graag advies of maken graag vrijblijvende offerte voor boxspringbedden en matrassen.\" \/>\n<meta name=\"robots\" content=\"index, follow, max-snippet:-1, max-image-preview:large, max-video-preview:-1\" \/>\n<link rel=\"canonical\" href=\"https:\/\/www.intertras.nl\/de\/afspraak-maken\/\" \/>\n<meta property=\"og:locale\" content=\"de_DE\" \/>\n<meta property=\"og:type\" content=\"article\" \/>\n<meta property=\"og:title\" content=\"Afspraak maken - Intertras\" \/>\n<meta property=\"og:description\" content=\"Plan een afspraak voor een nadere kennismaking. We geven graag advies of maken graag vrijblijvende offerte voor boxspringbedden en matrassen.\" \/>\n<meta property=\"og:url\" content=\"https:\/\/www.intertras.nl\/de\/afspraak-maken\/\" \/>\n<meta property=\"og:site_name\" content=\"Intertras\" \/>\n<meta property=\"article:modified_time\" content=\"2025-03-26T10:08:50+00:00\" \/>\n<meta property=\"og:image\" content=\"https:\/\/www.intertras.nl\/wp-content\/uploads\/2024\/08\/Intertras-1.png\" \/>\n\t<meta property=\"og:image:width\" content=\"406\" \/>\n\t<meta property=\"og:image:height\" content=\"590\" \/>\n\t<meta property=\"og:image:type\" content=\"image\/png\" \/>\n<meta name=\"twitter:card\" content=\"summary_large_image\" \/>\n<meta name=\"twitter:label1\" content=\"Gesch\u00e4tzte Lesezeit\" \/>\n\t<meta name=\"twitter:data1\" content=\"1\u00a0Minute\" \/>\n<script type=\"application\/ld+json\" class=\"yoast-schema-graph\">{\"@context\":\"https:\/\/schema.org\",\"@graph\":[{\"@type\":\"WebPage\",\"@id\":\"https:\/\/www.intertras.nl\/afspraak-maken\/\",\"url\":\"https:\/\/www.intertras.nl\/afspraak-maken\/\",\"name\":\"Afspraak maken - Intertras\",\"isPartOf\":{\"@id\":\"https:\/\/www.intertras.nl\/#website\"},\"primaryImageOfPage\":{\"@id\":\"https:\/\/www.intertras.nl\/afspraak-maken\/#primaryimage\"},\"image\":{\"@id\":\"https:\/\/www.intertras.nl\/afspraak-maken\/#primaryimage\"},\"thumbnailUrl\":\"https:\/\/www.intertras.nl\/wp-content\/uploads\/2024\/08\/Intertras-1.png\",\"datePublished\":\"2024-08-26T14:36:51+00:00\",\"dateModified\":\"2025-03-26T10:08:50+00:00\",\"description\":\"Plan een afspraak voor een nadere kennismaking. We geven graag advies of maken graag vrijblijvende offerte voor boxspringbedden en matrassen.\",\"breadcrumb\":{\"@id\":\"https:\/\/www.intertras.nl\/afspraak-maken\/#breadcrumb\"},\"inLanguage\":\"de\",\"potentialAction\":[{\"@type\":\"ReadAction\",\"target\":[\"https:\/\/www.intertras.nl\/afspraak-maken\/\"]}]},{\"@type\":\"ImageObject\",\"inLanguage\":\"de\",\"@id\":\"https:\/\/www.intertras.nl\/afspraak-maken\/#primaryimage\",\"url\":\"https:\/\/www.intertras.nl\/wp-content\/uploads\/2024\/08\/Intertras-1.png\",\"contentUrl\":\"https:\/\/www.intertras.nl\/wp-content\/uploads\/2024\/08\/Intertras-1.png\"},{\"@type\":\"BreadcrumbList\",\"@id\":\"https:\/\/www.intertras.nl\/afspraak-maken\/#breadcrumb\",\"itemListElement\":[{\"@type\":\"ListItem\",\"position\":1,\"name\":\"Home\",\"item\":\"https:\/\/www.intertras.nl\/\"},{\"@type\":\"ListItem\",\"position\":2,\"name\":\"Afspraak maken\"}]},{\"@type\":\"WebSite\",\"@id\":\"https:\/\/www.intertras.nl\/#website\",\"url\":\"https:\/\/www.intertras.nl\/\",\"name\":\"Intertras\",\"description\":\"Producent van Boxspringbedden en Matrassen\",\"publisher\":{\"@id\":\"https:\/\/www.intertras.nl\/#organization\"},\"potentialAction\":[{\"@type\":\"SearchAction\",\"target\":{\"@type\":\"EntryPoint\",\"urlTemplate\":\"https:\/\/www.intertras.nl\/?s={search_term_string}\"},\"query-input\":{\"@type\":\"PropertyValueSpecification\",\"valueRequired\":true,\"valueName\":\"search_term_string\"}}],\"inLanguage\":\"de\"},{\"@type\":\"Organization\",\"@id\":\"https:\/\/www.intertras.nl\/#organization\",\"name\":\"Intertras\",\"url\":\"https:\/\/www.intertras.nl\/\",\"logo\":{\"@type\":\"ImageObject\",\"inLanguage\":\"de\",\"@id\":\"https:\/\/www.intertras.nl\/#\/schema\/logo\/image\/\",\"url\":\"https:\/\/www.intertras.nl\/wp-content\/uploads\/2024\/08\/Intertras-logo.png\",\"contentUrl\":\"https:\/\/www.intertras.nl\/wp-content\/uploads\/2024\/08\/Intertras-logo.png\",\"width\":337,\"height\":71,\"caption\":\"Intertras\"},\"image\":{\"@id\":\"https:\/\/www.intertras.nl\/#\/schema\/logo\/image\/\"}}]}<\/script>\n<!-- \/ Yoast SEO plugin. -->","yoast_head_json":{"title":"Afspraak maken - Intertras","description":"Plan een afspraak voor een nadere kennismaking. We geven graag advies of maken graag vrijblijvende offerte voor boxspringbedden en matrassen.","robots":{"index":"index","follow":"follow","max-snippet":"max-snippet:-1","max-image-preview":"max-image-preview:large","max-video-preview":"max-video-preview:-1"},"canonical":"https:\/\/www.intertras.nl\/de\/afspraak-maken\/","og_locale":"de_DE","og_type":"article","og_title":"Afspraak maken - Intertras","og_description":"Plan een afspraak voor een nadere kennismaking. We geven graag advies of maken graag vrijblijvende offerte voor boxspringbedden en matrassen.","og_url":"https:\/\/www.intertras.nl\/de\/afspraak-maken\/","og_site_name":"Intertras","article_modified_time":"2025-03-26T10:08:50+00:00","og_image":[{"width":406,"height":590,"url":"https:\/\/www.intertras.nl\/wp-content\/uploads\/2024\/08\/Intertras-1.png","type":"image\/png"}],"twitter_card":"summary_large_image","twitter_misc":{"Gesch\u00e4tzte Lesezeit":"1\u00a0Minute"},"schema":{"@context":"https:\/\/schema.org","@graph":[{"@type":"WebPage","@id":"https:\/\/www.intertras.nl\/afspraak-maken\/","url":"https:\/\/www.intertras.nl\/afspraak-maken\/","name":"Afspraak maken - Intertras","isPartOf":{"@id":"https:\/\/www.intertras.nl\/#website"},"primaryImageOfPage":{"@id":"https:\/\/www.intertras.nl\/afspraak-maken\/#primaryimage"},"image":{"@id":"https:\/\/www.intertras.nl\/afspraak-maken\/#primaryimage"},"thumbnailUrl":"https:\/\/www.intertras.nl\/wp-content\/uploads\/2024\/08\/Intertras-1.png","datePublished":"2024-08-26T14:36:51+00:00","dateModified":"2025-03-26T10:08:50+00:00","description":"Plan een afspraak voor een nadere kennismaking. We geven graag advies of maken graag vrijblijvende offerte voor boxspringbedden en matrassen.","breadcrumb":{"@id":"https:\/\/www.intertras.nl\/afspraak-maken\/#breadcrumb"},"inLanguage":"de","potentialAction":[{"@type":"ReadAction","target":["https:\/\/www.intertras.nl\/afspraak-maken\/"]}]},{"@type":"ImageObject","inLanguage":"de","@id":"https:\/\/www.intertras.nl\/afspraak-maken\/#primaryimage","url":"https:\/\/www.intertras.nl\/wp-content\/uploads\/2024\/08\/Intertras-1.png","contentUrl":"https:\/\/www.intertras.nl\/wp-content\/uploads\/2024\/08\/Intertras-1.png"},{"@type":"BreadcrumbList","@id":"https:\/\/www.intertras.nl\/afspraak-maken\/#breadcrumb","itemListElement":[{"@type":"ListItem","position":1,"name":"Home","item":"https:\/\/www.intertras.nl\/"},{"@type":"ListItem","position":2,"name":"Afspraak maken"}]},{"@type":"WebSite","@id":"https:\/\/www.intertras.nl\/#website","url":"https:\/\/www.intertras.nl\/","name":"Intertras","description":"Producent van Boxspringbedden en Matrassen","publisher":{"@id":"https:\/\/www.intertras.nl\/#organization"},"potentialAction":[{"@type":"SearchAction","target":{"@type":"EntryPoint","urlTemplate":"https:\/\/www.intertras.nl\/?s={search_term_string}"},"query-input":{"@type":"PropertyValueSpecification","valueRequired":true,"valueName":"search_term_string"}}],"inLanguage":"de"},{"@type":"Organization","@id":"https:\/\/www.intertras.nl\/#organization","name":"Intertras","url":"https:\/\/www.intertras.nl\/","logo":{"@type":"ImageObject","inLanguage":"de","@id":"https:\/\/www.intertras.nl\/#\/schema\/logo\/image\/","url":"https:\/\/www.intertras.nl\/wp-content\/uploads\/2024\/08\/Intertras-logo.png","contentUrl":"https:\/\/www.intertras.nl\/wp-content\/uploads\/2024\/08\/Intertras-logo.png","width":337,"height":71,"caption":"Intertras"},"image":{"@id":"https:\/\/www.intertras.nl\/#\/schema\/logo\/image\/"}}]}},"_links":{"self":[{"href":"https:\/\/www.intertras.nl\/de\/wp-json\/wp\/v2\/pages\/25","targetHints":{"allow":["GET"]}}],"collection":[{"href":"https:\/\/www.intertras.nl\/de\/wp-json\/wp\/v2\/pages"}],"about":[{"href":"https:\/\/www.intertras.nl\/de\/wp-json\/wp\/v2\/types\/page"}],"author":[{"embeddable":true,"href":"https:\/\/www.intertras.nl\/de\/wp-json\/wp\/v2\/users\/1"}],"replies":[{"embeddable":true,"href":"https:\/\/www.intertras.nl\/de\/wp-json\/wp\/v2\/comments?post=25"}],"version-history":[{"count":38,"href":"https:\/\/www.intertras.nl\/de\/wp-json\/wp\/v2\/pages\/25\/revisions"}],"predecessor-version":[{"id":1577,"href":"https:\/\/www.intertras.nl\/de\/wp-json\/wp\/v2\/pages\/25\/revisions\/1577"}],"wp:attachment":[{"href":"https:\/\/www.intertras.nl\/de\/wp-json\/wp\/v2\/media?parent=25"}],"curies":[{"name":"wp","href":"https:\/\/api.w.org\/{rel}","templated":true}]}}