{"id":1449,"date":"2025-03-02T16:51:49","date_gmt":"2025-03-02T15:51:49","guid":{"rendered":"https:\/\/www.intertras.nl\/?page_id=1449"},"modified":"2025-04-16T12:05:42","modified_gmt":"2025-04-16T10:05:42","slug":"cookiebeleid","status":"publish","type":"page","link":"https:\/\/www.intertras.nl\/de\/cookiebeleid\/","title":{"rendered":"Cookie-Politik"},"content":{"rendered":"<div data-elementor-type=\"wp-page\" data-elementor-id=\"1449\" class=\"elementor elementor-1449\" data-elementor-post-type=\"page\">\n\t\t\t\t<div class=\"elementor-element elementor-element-b7dc03f e-flex e-con-boxed e-con e-parent\" data-id=\"b7dc03f\" data-element_type=\"container\" data-settings=\"{&quot;jet_parallax_layout_list&quot;:[]}\">\n\t\t\t\t\t<div class=\"e-con-inner\">\n\t\t\t\t<div class=\"elementor-element elementor-element-fcbd6c2 elementor-widget elementor-widget-html\" data-id=\"fcbd6c2\" data-element_type=\"widget\" data-widget_type=\"html.default\">\n\t\t\t\t<div class=\"elementor-widget-container\">\n\t\t\t\t\t<style>\n    a.cky-banner-element {\n      padding: 12px 30px;\n    background: #ea561b;\n    color: #ffffff;\n    box-sizing: border-box;\n    border-radius: 2px;\n    cursor: pointer;\n    text-decoration: none !important;\n    border-radius: 40px;\n    }\n      a.cky-banner-element:hover {\n    background: #ba3c0a;\n    }\n<\/style>\n\n<h1 class=\"cookie-policy-h1\">Cookie-Politik<\/h1>\n<p>\n    Datum des Inkrafttretens: 02-Mar-2025 <br>\n    Letzte Aktualisierung: 02-Mar-2025\n<\/p>\n\n&nbsp;\n<h5>Was sind Cookies?<\/h5>\n<div class=\"cookie-policy-p\">\n    <p>In dieser Cookie-Richtlinie wird erl\u00e4utert, was Cookies sind und wie wir sie verwenden, welche Arten von Cookies wir verwenden, d. h. welche Informationen wir mit Hilfe von Cookies sammeln und wie diese Informationen verwendet werden, und wie Sie die Cookie-Einstellungen verwalten k\u00f6nnen.<\/p>\n    <p>Cookies sind kleine Textdateien, die dazu dienen, kleine Informationen zu speichern. Sie werden auf Ihrem Ger\u00e4t gespeichert, wenn die Website in Ihrem Browser geladen wird. Diese Cookies helfen uns, die Website korrekt zu betreiben, sie sicherer zu machen, die Benutzerfreundlichkeit zu verbessern und zu verstehen, wie die Website funktioniert und wo Verbesserungen erforderlich sind.<\/p>\n<\/div>\n\n&nbsp;\n<h5>Wie verwenden wir Cookies?<\/h5>\n<div class=\"cookie-policy-p\">\n    <p>Wie die meisten Online-Dienste verwendet auch unsere Website sowohl Erstanbieter- als auch Drittanbieter-Cookies f\u00fcr unterschiedliche Zwecke. Erstanbieter-Cookies sind in der Regel f\u00fcr das ordnungsgem\u00e4\u00dfe Funktionieren der Website erforderlich und erfassen keine personenbezogenen Daten.<\/p>\n    <p>Cookies von Drittanbietern auf unserer Website werden haupts\u00e4chlich verwendet, um zu verstehen, wie die Website funktioniert, wie Sie mit ihr interagieren, um unsere Dienste sicher zu halten, um relevante Werbung bereitzustellen und um allgemein eine bessere Benutzererfahrung zu bieten und Ihre zuk\u00fcnftigen Interaktionen mit unserer Website zu beschleunigen.<\/p>\n<\/div>\n\n&nbsp;\n<h5>Arten von Cookies, die wir verwenden<\/h5>\n<div class=\"cky-audit-table-element\"><\/div>\n\n&nbsp;\n<h5 style=\"margin-bottom:20px;\">Cookie-Einstellungen verwalten<\/h5>\n<a class=\"cky-banner-element\">Cookie-Einstellungen<\/a> <br\/>\n\n<div>\n    <br>\n    <p>Sie k\u00f6nnen Ihre Cookie-Einstellungen jederzeit \u00e4ndern, indem Sie auf die obige Schaltfl\u00e4che klicken. Dadurch k\u00f6nnen Sie das Cookie-Banner erneut aufrufen und Ihre Einstellungen \u00e4ndern oder Ihre Zustimmung direkt widerrufen.<\/p>\n    <p>Dar\u00fcber hinaus bieten verschiedene Browser unterschiedliche Methoden zum Blockieren und L\u00f6schen von Cookies auf Websites. Sie k\u00f6nnen Ihre Browsereinstellungen \u00e4ndern, um Cookies zu blockieren oder zu l\u00f6schen. Nachstehend finden Sie Links zu den Support-Seiten der wichtigsten Webbrowser:<\/p>\n    <ul>\n        <li>Chrom: <a href=\"https:\/\/support.google.com\/accounts\/answer\/32050\" rel=\"noopener noreferrer\" target=\"_blank\">support.google.com<\/a><\/li>\n        <li>Safari: <a href=\"https:\/\/support.apple.com\/en-in\/guide\/safari\/sfri11471\/mac\" rel=\"noopener noreferrer\" target=\"_blank\">support.apple.com<\/a><\/li>\n        <li>Firefox: <a href=\"https:\/\/support.mozilla.org\/en-US\/kb\/clear-cookies-and-site-data-firefox?redirectslug=delete-cookies-remove-info-websites-stored&redirectlocale=en-US\" rel=\"noopener noreferrer\" target=\"_blank\">support.mozilla.org<\/a><\/li>\n        <li>Internet Explorer: <a href=\"https:\/\/support.microsoft.com\/en-us\/topic\/how-to-delete-cookie-files-in-internet-explorer-bca9446f-d873-78de-77ba-d42645fa52fc\" rel=\"noopener noreferrer\" target=\"_blank\">support.microsoft.com<\/a><\/li>\n    <\/ul>\n    <p>Wenn Sie einen anderen Webbrowser verwenden, lesen Sie bitte die offiziellen Support-Seiten Ihres Browsers.<\/p>\n<\/div>\n\n&nbsp;\n<p class=\"cookie-policy-p\">\n    Cookie-Richtlinie generiert von <a target=\"_blank\" href=\"https:\/\/www.cookieyes.com\/?utm_source=CP&utm_medium=footer&utm_campaign=UW\">CookieYes - Cookie-Richtlinien-Generator<\/a>.\n<\/p>\n\t\t\t\t<\/div>\n\t\t\t\t<\/div>\n\t\t\t\t\t<\/div>\n\t\t\t\t<\/div>\n\t\t\t\t<\/div>","protected":false},"excerpt":{"rendered":"<p>Cookiebeleid Ingangsdatum: 02-mrt-2025 Laatst bijgewerkt: 02-mrt-2025 &nbsp; Wat zijn cookies? Dit cookiebeleid legt uit wat cookies zijn en hoe we [&hellip;]<\/p>","protected":false},"author":6,"featured_media":0,"parent":0,"menu_order":0,"comment_status":"closed","ping_status":"closed","template":"","meta":{"site-sidebar-layout":"no-sidebar","site-content-layout":"","ast-site-content-layout":"full-width-container","site-content-style":"default","site-sidebar-style":"default","ast-global-header-display":"","ast-banner-title-visibility":"","ast-main-header-display":"","ast-hfb-above-header-display":"","ast-hfb-below-header-display":"","ast-hfb-mobile-header-display":"","site-post-title":"disabled","ast-breadcrumbs-content":"","ast-featured-img":"disabled","footer-sml-layout":"","theme-transparent-header-meta":"default","adv-header-id-meta":"","stick-header-meta":"","header-above-stick-meta":"","header-main-stick-meta":"","header-below-stick-meta":"","astra-migrate-meta-layouts":"set","ast-page-background-enabled":"default","ast-page-background-meta":{"desktop":{"background-color":"var(--ast-global-color-4)","background-image":"","background-repeat":"repeat","background-position":"center center","background-size":"auto","background-attachment":"scroll","background-type":"","background-media":"","overlay-type":"","overlay-color":"","overlay-opacity":"","overlay-gradient":""},"tablet":{"background-color":"","background-image":"","background-repeat":"repeat","background-position":"center center","background-size":"auto","background-attachment":"scroll","background-type":"","background-media":"","overlay-type":"","overlay-color":"","overlay-opacity":"","overlay-gradient":""},"mobile":{"background-color":"","background-image":"","background-repeat":"repeat","background-position":"center center","background-size":"auto","background-attachment":"scroll","background-type":"","background-media":"","overlay-type":"","overlay-color":"","overlay-opacity":"","overlay-gradient":""}},"ast-content-background-meta":{"desktop":{"background-color":"var(--ast-global-color-5)","background-image":"","background-repeat":"repeat","background-position":"center center","background-size":"auto","background-attachment":"scroll","background-type":"","background-media":"","overlay-type":"","overlay-color":"","overlay-opacity":"","overlay-gradient":""},"tablet":{"background-color":"var(--ast-global-color-5)","background-image":"","background-repeat":"repeat","background-position":"center center","background-size":"auto","background-attachment":"scroll","background-type":"","background-media":"","overlay-type":"","overlay-color":"","overlay-opacity":"","overlay-gradient":""},"mobile":{"background-color":"var(--ast-global-color-5)","background-image":"","background-repeat":"repeat","background-position":"center center","background-size":"auto","background-attachment":"scroll","background-type":"","background-media":"","overlay-type":"","overlay-color":"","overlay-opacity":"","overlay-gradient":""}},"footnotes":""},"class_list":["post-1449","page","type-page","status-publish","hentry"],"yoast_head":"<!-- This site is optimized with the Yoast SEO plugin v25.2 - https:\/\/yoast.com\/wordpress\/plugins\/seo\/ -->\n<title>Cookiebeleid - Intertras<\/title>\n<meta name=\"description\" content=\"Cookies, koekies of Grunneger Kouke. Lees ons cookiebeleid, transparantie over privacy.\" \/>\n<meta name=\"robots\" content=\"index, follow, max-snippet:-1, max-image-preview:large, max-video-preview:-1\" \/>\n<link rel=\"canonical\" href=\"https:\/\/www.intertras.nl\/de\/cookiebeleid\/\" \/>\n<meta property=\"og:locale\" content=\"de_DE\" \/>\n<meta property=\"og:type\" content=\"article\" \/>\n<meta property=\"og:title\" content=\"Cookiebeleid - Intertras\" \/>\n<meta property=\"og:description\" content=\"Cookies, koekies of Grunneger Kouke. Lees ons cookiebeleid, transparantie over privacy.\" \/>\n<meta property=\"og:url\" content=\"https:\/\/www.intertras.nl\/de\/cookiebeleid\/\" \/>\n<meta property=\"og:site_name\" content=\"Intertras\" \/>\n<meta property=\"article:modified_time\" content=\"2025-04-16T10:05:42+00:00\" \/>\n<meta name=\"twitter:card\" content=\"summary_large_image\" \/>\n<meta name=\"twitter:label1\" content=\"Gesch\u00e4tzte Lesezeit\" \/>\n\t<meta name=\"twitter:data1\" content=\"2\u00a0Minuten\" \/>\n<script type=\"application\/ld+json\" class=\"yoast-schema-graph\">{\"@context\":\"https:\/\/schema.org\",\"@graph\":[{\"@type\":\"WebPage\",\"@id\":\"https:\/\/www.intertras.nl\/cookiebeleid\/\",\"url\":\"https:\/\/www.intertras.nl\/cookiebeleid\/\",\"name\":\"Cookiebeleid - Intertras\",\"isPartOf\":{\"@id\":\"https:\/\/www.intertras.nl\/#website\"},\"datePublished\":\"2025-03-02T15:51:49+00:00\",\"dateModified\":\"2025-04-16T10:05:42+00:00\",\"description\":\"Cookies, koekies of Grunneger Kouke. Lees ons cookiebeleid, transparantie over privacy.\",\"breadcrumb\":{\"@id\":\"https:\/\/www.intertras.nl\/cookiebeleid\/#breadcrumb\"},\"inLanguage\":\"de\",\"potentialAction\":[{\"@type\":\"ReadAction\",\"target\":[\"https:\/\/www.intertras.nl\/cookiebeleid\/\"]}]},{\"@type\":\"BreadcrumbList\",\"@id\":\"https:\/\/www.intertras.nl\/cookiebeleid\/#breadcrumb\",\"itemListElement\":[{\"@type\":\"ListItem\",\"position\":1,\"name\":\"Home\",\"item\":\"https:\/\/www.intertras.nl\/\"},{\"@type\":\"ListItem\",\"position\":2,\"name\":\"Cookiebeleid\"}]},{\"@type\":\"WebSite\",\"@id\":\"https:\/\/www.intertras.nl\/#website\",\"url\":\"https:\/\/www.intertras.nl\/\",\"name\":\"Intertras\",\"description\":\"Producent van Boxspringbedden en Matrassen\",\"publisher\":{\"@id\":\"https:\/\/www.intertras.nl\/#organization\"},\"potentialAction\":[{\"@type\":\"SearchAction\",\"target\":{\"@type\":\"EntryPoint\",\"urlTemplate\":\"https:\/\/www.intertras.nl\/?s={search_term_string}\"},\"query-input\":{\"@type\":\"PropertyValueSpecification\",\"valueRequired\":true,\"valueName\":\"search_term_string\"}}],\"inLanguage\":\"de\"},{\"@type\":\"Organization\",\"@id\":\"https:\/\/www.intertras.nl\/#organization\",\"name\":\"Intertras\",\"url\":\"https:\/\/www.intertras.nl\/\",\"logo\":{\"@type\":\"ImageObject\",\"inLanguage\":\"de\",\"@id\":\"https:\/\/www.intertras.nl\/#\/schema\/logo\/image\/\",\"url\":\"https:\/\/www.intertras.nl\/wp-content\/uploads\/2024\/08\/Intertras-logo.png\",\"contentUrl\":\"https:\/\/www.intertras.nl\/wp-content\/uploads\/2024\/08\/Intertras-logo.png\",\"width\":337,\"height\":71,\"caption\":\"Intertras\"},\"image\":{\"@id\":\"https:\/\/www.intertras.nl\/#\/schema\/logo\/image\/\"}}]}<\/script>\n<!-- \/ Yoast SEO plugin. -->","yoast_head_json":{"title":"Cookiebeleid - Intertras","description":"Cookies, koekies of Grunneger Kouke. Lees ons cookiebeleid, transparantie over privacy.","robots":{"index":"index","follow":"follow","max-snippet":"max-snippet:-1","max-image-preview":"max-image-preview:large","max-video-preview":"max-video-preview:-1"},"canonical":"https:\/\/www.intertras.nl\/de\/cookiebeleid\/","og_locale":"de_DE","og_type":"article","og_title":"Cookiebeleid - Intertras","og_description":"Cookies, koekies of Grunneger Kouke. Lees ons cookiebeleid, transparantie over privacy.","og_url":"https:\/\/www.intertras.nl\/de\/cookiebeleid\/","og_site_name":"Intertras","article_modified_time":"2025-04-16T10:05:42+00:00","twitter_card":"summary_large_image","twitter_misc":{"Gesch\u00e4tzte Lesezeit":"2\u00a0Minuten"},"schema":{"@context":"https:\/\/schema.org","@graph":[{"@type":"WebPage","@id":"https:\/\/www.intertras.nl\/cookiebeleid\/","url":"https:\/\/www.intertras.nl\/cookiebeleid\/","name":"Cookiebeleid - Intertras","isPartOf":{"@id":"https:\/\/www.intertras.nl\/#website"},"datePublished":"2025-03-02T15:51:49+00:00","dateModified":"2025-04-16T10:05:42+00:00","description":"Cookies, koekies of Grunneger Kouke. Lees ons cookiebeleid, transparantie over privacy.","breadcrumb":{"@id":"https:\/\/www.intertras.nl\/cookiebeleid\/#breadcrumb"},"inLanguage":"de","potentialAction":[{"@type":"ReadAction","target":["https:\/\/www.intertras.nl\/cookiebeleid\/"]}]},{"@type":"BreadcrumbList","@id":"https:\/\/www.intertras.nl\/cookiebeleid\/#breadcrumb","itemListElement":[{"@type":"ListItem","position":1,"name":"Home","item":"https:\/\/www.intertras.nl\/"},{"@type":"ListItem","position":2,"name":"Cookiebeleid"}]},{"@type":"WebSite","@id":"https:\/\/www.intertras.nl\/#website","url":"https:\/\/www.intertras.nl\/","name":"Intertras","description":"Producent van Boxspringbedden en Matrassen","publisher":{"@id":"https:\/\/www.intertras.nl\/#organization"},"potentialAction":[{"@type":"SearchAction","target":{"@type":"EntryPoint","urlTemplate":"https:\/\/www.intertras.nl\/?s={search_term_string}"},"query-input":{"@type":"PropertyValueSpecification","valueRequired":true,"valueName":"search_term_string"}}],"inLanguage":"de"},{"@type":"Organization","@id":"https:\/\/www.intertras.nl\/#organization","name":"Intertras","url":"https:\/\/www.intertras.nl\/","logo":{"@type":"ImageObject","inLanguage":"de","@id":"https:\/\/www.intertras.nl\/#\/schema\/logo\/image\/","url":"https:\/\/www.intertras.nl\/wp-content\/uploads\/2024\/08\/Intertras-logo.png","contentUrl":"https:\/\/www.intertras.nl\/wp-content\/uploads\/2024\/08\/Intertras-logo.png","width":337,"height":71,"caption":"Intertras"},"image":{"@id":"https:\/\/www.intertras.nl\/#\/schema\/logo\/image\/"}}]}},"_links":{"self":[{"href":"https:\/\/www.intertras.nl\/de\/wp-json\/wp\/v2\/pages\/1449","targetHints":{"allow":["GET"]}}],"collection":[{"href":"https:\/\/www.intertras.nl\/de\/wp-json\/wp\/v2\/pages"}],"about":[{"href":"https:\/\/www.intertras.nl\/de\/wp-json\/wp\/v2\/types\/page"}],"author":[{"embeddable":true,"href":"https:\/\/www.intertras.nl\/de\/wp-json\/wp\/v2\/users\/6"}],"replies":[{"embeddable":true,"href":"https:\/\/www.intertras.nl\/de\/wp-json\/wp\/v2\/comments?post=1449"}],"version-history":[{"count":9,"href":"https:\/\/www.intertras.nl\/de\/wp-json\/wp\/v2\/pages\/1449\/revisions"}],"predecessor-version":[{"id":1599,"href":"https:\/\/www.intertras.nl\/de\/wp-json\/wp\/v2\/pages\/1449\/revisions\/1599"}],"wp:attachment":[{"href":"https:\/\/www.intertras.nl\/de\/wp-json\/wp\/v2\/media?parent=1449"}],"curies":[{"name":"wp","href":"https:\/\/api.w.org\/{rel}","templated":true}]}}